{"id":110,"date":"2022-06-06T09:51:49","date_gmt":"2022-06-06T09:51:49","guid":{"rendered":"https:\/\/susannescheike.de\/?page_id=110"},"modified":"2022-06-24T11:59:33","modified_gmt":"2022-06-24T11:59:33","slug":"datenschutz","status":"publish","type":"page","link":"https:\/\/susannescheike.de\/?page_id=110","title":{"rendered":"Datenschutz"},"content":{"rendered":"<p><span style=\"width: 100%;\"><img decoding=\"async\" alt=\"\" width=\"180\" height=\"120\" title=\"Neu Logo 2\" data-id=\"90\" src=\"https:\/\/susannescheike.de\/wp-content\/uploads\/2022\/06\/Neu-Logo-2.jpg\" style=\"\" data-width=\"180\" data-height=\"120\" data-init-width=\"750\" data-init-height=\"500\" loading=\"lazy\"><\/span><\/p>\n<h1 style=\"text-align: center;\"><strong>Datenschutz<\/strong><\/h1>\n<h3>1. Allgemeines<\/h3>\n<h4><strong>1.1 Was sind personenbezogene Daten<\/strong><\/h4>\n<p>Personenbezogene Daten sind Angaben, die die Identit\u00e4t des Nutzers offenlegen oder offenlegen k\u00f6nnen. Wir halten uns an den Grundsatz der Datenvermeidung. Es wird soweit wie m\u00f6glich auf die Erhebung von personenbezogenen Daten verzichtet.<\/p>\n<h4><strong>1.2 Umgang mit personenbezogenen Daten<\/strong><\/h4>\n<p>Personenbezogene Daten dienen ausschlie\u00dflich der Vertragsbegr\u00fcndung, inhaltlichen Ausgestaltung, Durchf\u00fchrung oder Abwicklung des Vertragsverh\u00e4ltnisses (Art. 6 I S. 1 b DSGVO).<\/p>\n<p>Dar\u00fcber hinaus werden personenbezogene Daten nur verarbeitet, soweit wir hierzu Ihre Einwilligung erhalten haben (Art. 6 I S. 1 a DSGVO) bzw. es sich um Daten handelt, deren Verarbeitung f\u00fcr unsere berechtigten Interessen erforderlich ist und soweit die Abw\u00e4gung ergibt, dass keine \u00fcberwiegenden Interessen, Grundrechte oder Grundfreiheiten Ihrerseits entgegenstehen (Art. 6 I S. 1 f DSGVO).<\/p>\n<p>Wir k\u00f6nnen zur Verarbeitung Ihrer personenbezogenen Daten Auftragsverarbeiter verwenden, werden die personenbezogenen Daten dar\u00fcber hinaus aber grunds\u00e4tzlich nicht an Dritte weitergeben.<\/p>\n<p>Lediglich zur Vertragserf\u00fcllung werden die Daten an das mit der Lieferung beauftragte Versandunternehmen weitergegeben, soweit dies zur Lieferung bestellter Waren erforderlich ist. Zur Abwicklung von Zahlungen werden die hierf\u00fcr erforderlichen Zahlungsdaten an das mit der Zahlung beauftragte Kreditinstitut und ggf. den beauftragten und gew\u00e4hlten Zahlungsdienstleister weitergegeben.<\/p>\n<p>Die Verarbeitung Ihrer personenbezogenen Daten erfolgt ausschlie\u00dflich innerhalb der EU, soweit nachfolgend nicht etwas Abweichendes dargelegt ist.<\/p>\n<h4><strong>1.3 Nutzungsdaten<\/strong><\/h4>\n<p>Beim Besuch der Webseite werden allgemeine technische Informationen erhoben. Dies sind die verwendete IP-Adresse, Uhrzeit, Dauer des Besuchs, Browsertyp und ggf. die Herkunftsseite. Diese Nutzungsdaten werden technisch bedingt in einem Logfile registriert und k\u00f6nnen zum Zwecke der Statistikauswertung dieser Webseite benutzt und gespeichert werden. Eine Verkn\u00fcpfung dieser Nutzungsdaten mit Ihren weiteren personenbezogenen Daten findet nicht statt.<\/p>\n<h4 style=\"\"><strong>1.4 Registrierungsdaten<\/strong><\/h4>\n<p>F\u00fcr die umfassende Nutzung der Funktionen unserer Webseite ist eine Registrierung erforderlich. Die Registrierungsdaten werden durch Ihre entsprechenden Eingaben erhoben und f\u00fcr den konkret angegebenen Zweck gem\u00e4\u00df Ihrer Einwilligung verwendet (Art. 6 I S. 1 a DSGVO).<\/p>\n<h4><strong>1.5 Dauer der Speicherung<\/strong><\/h4>\n<p>Wir speichern Ihre personenbezogenen Daten nach der Beendigung des Zwecks, f\u00fcr welchen die Daten erhoben wurden, nur solange, wie dies auf Grund der gesetzlichen (insbesondere steuerrechtlichen) Vorschriften erforderlich ist.<\/p>\n<h3>2. Ihre Rechte<\/h3>\n<p>Sie k\u00f6nnen von uns eine Auskunft dar\u00fcber verlangen, ob wir personenbezogene Daten von Ihnen verarbeiten und soweit dies der Fall ist haben Sie ein Recht auf Auskunft \u00fcber diese personenbezogenen Daten und auf die in Art. 15 DSGVO genannten weiteren Informationen.<\/p>\n<h4><strong>2.2 Recht auf Berichtigung<\/strong><\/h4>\n<p>Sie haben das Recht auf Berichtigung der Sie betreffenden unrichtigen personenbezogenen Daten und k\u00f6nnen gem\u00e4\u00df Art. 16 DSGVO die Vervollst\u00e4ndigung unvollst\u00e4ndiger personenbezogener Daten verlangen.<\/p>\n<h4><strong>2.3 Recht auf L\u00f6schung<\/strong><\/h4>\n<p>Sie haben das Recht von uns zu verlangen, dass die Sie betreffenden personenbezogenen Daten unverz\u00fcglich gel\u00f6scht werden. Wir sind verpflichtet diese unverz\u00fcglich zu l\u00f6schen, insbesondere sofern einer der folgenden Gr\u00fcnde zutrifft:<\/p>\n<ul data-rte-list=\"default\">\n<li><span style=\"font-family: Vollkorn; font-weight: 400;\">Ihre personenbezogenen Daten sind f\u00fcr die Zwecke, f\u00fcr die sie erhoben oder auf sonstige Weise verarbeitet wurden, nicht mehr notwendig.<\/span><\/li>\n<li><span style=\"font-weight: 400;\"><span style=\"font-family: Vollkorn;\">Sie widerrufen ihre Einwilligung, auf die sich die Verarbeitung Ihrer Daten st\u00fctzte, und es fehlt an einer anderweitigen Rechtsgrundlage f\u00fcr die Verarbeitung.<\/span><\/span><\/li>\n<li><span style=\"font-family: Vollkorn; font-weight: 400;\">Ihre Daten wurden unrechtm\u00e4\u00dfig verarbeitet.<\/span><\/li>\n<\/ul>\n<p>Das Recht auf L\u00f6schung besteht nicht, soweit Ihre personenbezogenen Daten zur Geltendmachung, Aus\u00fcbung oder Verteidigung unserer Rechtsanspr\u00fcche erforderlich sind.<\/p>\n<h4><strong>2.4 Recht auf Einschr\u00e4nkung der Verarbeitung<\/strong><\/h4>\n<p>Sie haben das Recht von uns die Einschr\u00e4nkung der Verarbeitung Ihrer personenbezogenen Daten zu verlangen, wenn<\/p>\n<ul data-rte-list=\"default\">\n<li><span style=\"font-family: Vollkorn; font-weight: 400;\">Sie die Richtigkeit der Daten bestreiten und wir daher die Richtigkeit \u00fcberpr\u00fcfen,<\/span><\/li>\n<li><span style=\"font-weight: 400;\"><span style=\"font-family: Vollkorn;\">die Verarbeitung unrechtm\u00e4\u00dfig ist und Sie die L\u00f6schung ablehnen und stattdessen die Einschr\u00e4nkung der Nutzung verlangen<\/span><\/span><\/li>\n<li><span style=\"font-weight: 400;\"><span style=\"font-family: Vollkorn;\">wir die Daten nicht l\u00e4nger ben\u00f6tigen, Sie diese jedoch zur Geltendmachung, Aus\u00fcbung oder Verteidigung von Rechtsanspr\u00fcchen ben\u00f6tigen,<\/span><\/span><\/li>\n<li><span style=\"font-family: Vollkorn; font-weight: 400;\">Sie Widerspruch gegen die Verarbeitung Ihrer Daten eingelegt haben, und noch nicht feststeht, ob unsere berechtigten Gr\u00fcnde gegen\u00fcber Ihren Gr\u00fcnden \u00fcberwiegen.<\/span><\/li>\n<\/ul>\n<h4><strong>2.5 Recht auf Daten\u00fcbertragbarkeit<\/strong><\/h4>\n<p>Sie haben das Recht die Sie betreffenden personenbezogenen Daten, die Sie uns bereitgestellt haben, in einem strukturierten, g\u00e4ngigen und maschinenlesbaren Format zu erhalten und Sie haben das Recht, diese Daten einem anderen Verantwortlichen ohne Behinderung durch uns zu \u00fcbermitteln, sofern die Verarbeitung auf einer Einwilligung oder einem Vertrag beruht und die Verarbeitung bei uns mithilfe automatisierter Verfahren erfolgt.<\/p>\n<h4><strong>2.6 Widerrufsrecht<\/strong><\/h4>\n<p>Soweit die Verarbeitung Ihrer personenbezogenen Daten auf einer Einwilligung beruht, haben Sie das Recht diese Einwilligung jederzeit zu widerrufen.<\/p>\n<h4><strong>2.7 Allgemeines und Beschwerderecht<\/strong><\/h4>\n<p>Die Aus\u00fcbung Ihrer vorstehenden Rechte ist f\u00fcr Sie grunds\u00e4tzlich kostenlos. Sie haben das Recht sich bei Beschwerden direkt an die f\u00fcr uns zust\u00e4ndige Aufsichtsbeh\u00f6rde, den Landesdatenschutzbeauftragen, zu wenden.<\/p>\n<h3>3. Datensicherheit<\/h3>\n<h4><strong>3.1 Datensicherheit<\/strong><\/h4>\n<p>S\u00e4mtliche Daten auf unserer Website werden durch technische und organisatorische Ma\u00dfnahmen gegen Verlust, Zerst\u00f6rung, Zugriff, Ver\u00e4nderung und Verbreitung gesichert.<\/p>\n<h4><strong>3.2 Sessions und Cookies<\/strong><\/h4>\n<p>Zur Bedienung des Internetauftritts setzen wir Cookies bzw. serverseitige Sessions ein, in denen Daten gespeichert werden k\u00f6nnen. Wir stellen sicher, dass ohne Ihre ausdr\u00fcckliche Einwilligung keine personenbezogenen Daten aus Sessions oder durch Cookies \u00fcbernommen werden und Cookies nur eingesetzt werden, sofern dies f\u00fcr die Website technisch erforderlich ist (z.B. Spamschutz bei Kontaktformular, Warenkorbfunktion) und somit die Abw\u00e4gung ergibt, dass keine \u00fcberwiegenden Interessen Ihrerseits entgegenstehen (Art. 6 I S. 1 f DSGVO) bzw. eine ausdr\u00fcckliche Einwilligung Ihrerseits vorliegt.<\/p>\n<p>Wir verwenden nach Ihrer ausdr\u00fccklichen Einwilligung Cookies, um Inhalte und Anzeigen zu personalisieren, Funktionen f\u00fcr soziale Medien anbieten zu k\u00f6nnen und die Zugriffe auf unsere Website zu analysieren. Die Informationen zu Ihrer Verwendung unserer Website k\u00f6nnen wir mit Ihrer Einwilligung an unsere Partner f\u00fcr soziale Medien, Werbung und Analysen weitergeben. Unsere Partner k\u00f6nnen m\u00f6glicherweise diese Informationen mit weiteren Daten zusammenf\u00fchren, die die Partner bereits von Ihnen besitzen.<\/p>\n<p>Nachfolgend finden Sie die Domain, den Namen und die Laufzeit der nur auf Grund Ihrer Einwilligung genutzten Cookies:<\/p>\n<p>QuelleNameG\u00fcltigkeitCoachycookie_acceptSessionCoachyckCsrfTokenSessionCoachywires_challengeSessionCoachywiresSession<\/p>\n<h3>4. Newsletter<\/h3>\n<p>Wenn Sie sich zu unserem Newsletter anmelden, verwenden wir die hierf\u00fcr erforderlichen oder gesondert von Ihnen mitgeteilten Daten, um Ihnen regelm\u00e4\u00dfig unseren E-Mail-Newsletter zuzusenden. Die Abmeldung vom Newsletter ist jederzeit m\u00f6glich und kann entweder durch eine Nachricht an uns \u00fcber die im Impressum angegebenen Kontaktm\u00f6glichkeiten oder \u00fcber den daf\u00fcr vorgesehenen Link im Newsletter erfolgen.<\/p>\n<h3>5. Kommentare<\/h3>\n<p>Soweit Sie auf unserer Website die Kommentarfunktion nutzen, werden neben diesen Kommentaren auch der Zeitpunkt der Erstellung, Ihr gew\u00e4hltes Pseudonym und vor\u00fcbergehend auch Ihre IP-Adresse gespeichert. Dies geschieht, damit wir bei widerrechtlichen Inhalten unsere Rechte wahren k\u00f6nnen.<\/p>\n<h3>6. Pr\u00e4senz auf Social Media Plattformen<\/h3>\n<p>Wir nutzen nachfolgende Social Media Plattformen zur Unternehmensdarstellung und Kommunikation (auf die nachfolgend verlinkten Datenschutzerkl\u00e4rungen und OptOut-M\u00f6glichkeiten wird ausdr\u00fccklich Bezug genommen).<\/p>\n<p><em>Facebook (Facebook Ireland Ltd., 4 Grand Canal Square, Grand Canal Harbour, Dublin 2, Irland)Datenschutzerkl\u00e4rung:&nbsp;<\/em><a href=\"https:\/\/www.facebook.com\/about\/privacy\/\" style=\"outline: none;\"><em>https:\/\/www.facebook.com\/about\/privacy\/<\/em><\/a><em>Opt-Out:&nbsp;<\/em><a href=\"https:\/\/www.facebook.com\/settings?tab=ads\" style=\"outline: none;\"><em>https:\/\/www.facebook.com\/settings?tab=ads<\/em><\/a><em>&nbsp;alternativ&nbsp;<\/em><a href=\"http:\/\/www.youronlinechoices.com\/\"><em>http:\/\/www.youronlinechoices.com<\/em><\/a><\/p>\n<p><em>Instagram (Instagram Inc., 1601 Willow Road, Menlo Park, CA, 94025, USA)Datenschutzerkl\u00e4rung und Opt-Out:&nbsp;<\/em><a href=\"http:\/\/instagram.com\/about\/legal\/privacy\/\"><em>http:\/\/instagram.com\/about\/legal\/privacy\/<\/em><\/a><\/p>\n<p><em>YouTube (Google Ireland Limited, Gordon House, Barrow Street, Dublin 4, Irland))Datenschutzerkl\u00e4rung:&nbsp;<\/em><a href=\"http:\/\/www.youtube.com\/t\/privacy\/\"><em>http:\/\/www.youtube.com\/t\/privacy\/<\/em><\/a><\/p>\n<p>Diese Social-Media-Plattformen k\u00f6nnen ggf. personenbezogene Daten au\u00dferhalb der EU verarbeiten, wir verweisen insoweit auf die vorstehenden Datenschutzerkl\u00e4rungen der Social Media Plattformen.<\/p>\n<p>Die jeweiligen Social-Media-Plattformen k\u00f6nnen ggf. aus Ihrem Nutzungsverhalten und den sich hieraus ergebenden Interessen uns Aktionen Ihrerseits Nutzungsprofile erstellen und Cookies auf Ihrem Rechner speichern, in denen Ihr Nutzungsverhalten gespeichert ist. Wenn Sie auf der jeweiligen Social-Media-Plattform einen Account besitzen und eingeloggt sind, kann Ihr Nutzungsverhalten sogar ger\u00e4teunabh\u00e4ngig gespeichert werden. Ihr Nutzungsprofil kann verwendet werden, um z.B. Werbeanzeigen zu platzieren, die mutma\u00dflich Ihren Interessen entsprechen.<\/p>\n<p>Wir verarbeiten die personenbezogenen Daten ausschlie\u00dflich zur Kommunikation mit Ihnen \u00fcber die von Ihnen gew\u00e4hlte Social-Media-Plattform sowie zur Optimierung unserer Onlinepr\u00e4senz und achten darauf, dass hier keine Interessen Ihrerseits betroffen sind, welche dieses berechtigte Interesse unsererseits \u00fcberwiegen (Art. 6 I S. 1 f DSGVO). Soweit Sie bereits dem jeweiligen Betreiber der Social-Media-Plattform eine wirksame Einwilligung zur entsprechenden Datenverarbeitung gegeben haben, erfolgt die Verarbeitung Ihrer personenbezogenen Daten auch auf Basis dieser Einwilligung (Art. 6 I S. 1 a DSGVO).<\/p>\n<h3>7. Dienste von Drittanbietern<\/h3>\n<h4><strong>7.1 Quentn<\/strong><\/h4>\n<p>Wir verwenden zum Versand unserer Newsletter die Software Quentn. Bei Quentn handelt es sich um eine Dienstleistung der Firma Quentn.com GmbH, David-Gilly-Str. 1, 14469 Potsdam. Ihre bei der Newsletter Anmeldung gespeicherten Daten (E-Mail-Adresse, ggf. Name, IP-Adresse, Datum sowie die Uhrzeit Ihrer Anmeldung) werden an einen Server der Firma Quentn.com GmbH und dort gespeichert. Das Abonnement dieses Newsletters und damit die Einwilligung in die Speicherung Ihrer Daten k\u00f6nnen Sie jederzeit f\u00fcr die Zukunft k\u00fcndigen bzw. widerrufen. Einzelheiten hierzu k\u00f6nnen Sie der Best\u00e4tigungsmail sowie jedem einzelnen Newsletter entnehmen. Die Datenverarbeitung erfolgt auf Grundlage Ihrer Einwilligung (Art. 6 Abs. 1 lit. a DSGVO). Sie k\u00f6nnen diese Einwilligung jederzeit widerrufen, indem Sie den Newsletter abbestellen. Die Rechtm\u00e4\u00dfigkeit der bereits erfolgten Datenverarbeitungsvorg\u00e4nge bleibt vom Widerruf unber\u00fchrt.Die von Ihnen zum Zwecke des Newsletter-Bezugs bei uns hinterlegten Daten werden von uns bis zu Ihrer Austragung aus dem Newsletter gespeichert und nach der Abbestellung des Newsletters sowohl von unseren Servern als auch von den Servern von Quentn gel\u00f6scht. Daten, die zu anderen Zwecken bei uns gespeichert wurden (z.B. E-Mail-Adressen f\u00fcr den Mitgliederbereich) bleiben hiervon unber\u00fchrt. N\u00e4heres entnehmen Sie den Datenschutzbestimmungen von Quentn unter: <a href=\"https:\/\/quentn.com\/datenschutz\" style=\"outline: none;\">https:\/\/quentn.com\/datenschutz<\/a>.<\/p>\n<h4><strong>7.2 Vimeo<\/strong><\/h4>\n<p>Diese Webseite und die integrierten Angebote enthalten sogenannte Einbettungen von Videos auf Vimeo. Diese erm\u00f6glichen die Verbindung zu Vimeo und den dort hinterlegten Videos. Vimeo wird betrieben von der Vimeo, Inc. 555 West 18th Street, New York, New York 10011. Hier sind keine Interessen der Nutzer betroffen, welche diese technische Notwendigkeit der Einbindung der Videos \u00fcberwiegen (Art. 6 I S. 1 f DSGVO). Zweck und Umfang der Datenerhebung und Datennutzung durch Vimeo sowie Ihre Rechte und Einstellungsm\u00f6glichkeiten zum Schutz als Kunde von Vimeo entnehmen Sie bitte den Datenschutzhinweisen von Vimeo. Diese finden Sie unter:&nbsp;<a href=\"https:\/\/vimeo.com\/privacy\" style=\"outline: none;\">https:\/\/vimeo.com\/privacy<\/a><\/p>\n<h3>8. Kontaktaufnahme<\/h3>\n<p>Zur Kontaktaufnahme bez\u00fcglich des Datenschutzes k\u00f6nnen Sie sich gern an uns unter Verwendung der nachfolgenden Kontaktm\u00f6glichkeiten wenden. Verantwortlicher im Sinne der DSGVO:<\/p>\n<p>Susanne ScheikeEichicht 3907768 KahlaE-Mail: info@susannescheike.de<\/p>\n<p>Copyright \u00a9 202\u200b2<span style=\"color: rgb(167, 167, 167);\"><a href=\"https:\/\/susannescheike.de\/?page_id=100\" style=\"outline: none;\" target=\"_blank\" rel=\"noopener\"><span>Impressum<\/span><\/a><\/span><\/p>\n","protected":false},"excerpt":{"rendered":"<p>Datenschutz 1. Allgemeines 1.1 Was sind personenbezogene Daten Personenbezogene Daten sind Angaben, die die Identit\u00e4t des Nutzers offenlegen oder offenlegen k\u00f6nnen. Wir halten uns an den Grundsatz der Datenvermeidung. Es wird soweit wie m\u00f6glich auf die Erhebung von personenbezogenen Daten verzichtet. 1.2 Umgang mit personenbezogenen Daten Personenbezogene Daten dienen ausschlie\u00dflich der Vertragsbegr\u00fcndung, inhaltlichen Ausgestaltung, Durchf\u00fchrung [&hellip;]<\/p>\n","protected":false},"author":1,"featured_media":0,"parent":0,"menu_order":0,"comment_status":"closed","ping_status":"closed","template":"","meta":{"footnotes":""},"class_list":["post-110","page","type-page","status-publish","hentry"],"_links":{"self":[{"href":"https:\/\/susannescheike.de\/index.php?rest_route=\/wp\/v2\/pages\/110","targetHints":{"allow":["GET"]}}],"collection":[{"href":"https:\/\/susannescheike.de\/index.php?rest_route=\/wp\/v2\/pages"}],"about":[{"href":"https:\/\/susannescheike.de\/index.php?rest_route=\/wp\/v2\/types\/page"}],"author":[{"embeddable":true,"href":"https:\/\/susannescheike.de\/index.php?rest_route=\/wp\/v2\/users\/1"}],"replies":[{"embeddable":true,"href":"https:\/\/susannescheike.de\/index.php?rest_route=%2Fwp%2Fv2%2Fcomments&post=110"}],"version-history":[{"count":13,"href":"https:\/\/susannescheike.de\/index.php?rest_route=\/wp\/v2\/pages\/110\/revisions"}],"predecessor-version":[{"id":148,"href":"https:\/\/susannescheike.de\/index.php?rest_route=\/wp\/v2\/pages\/110\/revisions\/148"}],"wp:attachment":[{"href":"https:\/\/susannescheike.de\/index.php?rest_route=%2Fwp%2Fv2%2Fmedia&parent=110"}],"curies":[{"name":"wp","href":"https:\/\/api.w.org\/{rel}","templated":true}]}}