{"id":8,"date":"2022-05-30T13:40:18","date_gmt":"2022-05-30T13:40:18","guid":{"rendered":"https:\/\/susannescheike.de\/?page_id=8"},"modified":"2022-06-24T13:37:46","modified_gmt":"2022-06-24T13:37:46","slug":"dein-persoenliches-gespraech","status":"publish","type":"page","link":"https:\/\/susannescheike.de\/","title":{"rendered":"Dein pers\u00f6nliches Gespr\u00e4ch"},"content":{"rendered":"<p>Susanne Scheike<\/p>\n<h1 style=\"text-align: center;\"><strong>Ich Zeige dir, wie du deinen Blutzucker in den Griff bekommst<\/strong><\/h1>\n<h2 style=\"text-align: center;\"><strong>und ganz nat\u00fcrlich abnimmst ohne dich beim Essen einschr\u00e4nken zu m\u00fcssen.<\/strong><\/h2>\n<ul>\n<li \"=\"\" style=\"text-align: left;\" tcb-plain-text\"=\"\"><span style=\"font-weight: normal;\">Du hast schon vieles, wenn nicht sogar alles versucht um deine Blutzuckerwerte in den Normbereich zu bekommen aber nichts hilft?<\/span><\/li>\n<li style=\"text-align: left;\">Du bewegst dich genug oder machst sogar Sport, aber weder dein Gewicht noch deine Werte ver\u00e4ndern sich? Oder du nimmst sogar zu?<\/li>\n<li style=\"text-align: left;\"><span style=\"font-weight: normal;\">Dir f\u00e4llt es schwer dich beim Essen zur\u00fcck zuhalten und du bekommst ein schlechtes Gewissen, wenn du doch mal etwas gegessen hast, was du nicht &#8222;darfst&#8220;? <\/span><\/li>\n<li style=\"text-align: left;\"><span style=\"font-weight: normal;\">Du wei\u00dft, da\u00df es deinen Zustand verschlechtert, aber dir fehlt die Disziplin, eine an deinen Zucker angepa\u00dfte Ern\u00e4hrung in dein Leben zu integrieren? <\/span><\/li>\n<li style=\"text-align: left;\"><span style=\"font-weight: normal;\">Du f\u00fchlst dich unter Druck gesetzt und allein gelassen mit deiner Situation? <\/span><\/li>\n<li style=\"text-align: left;\"><span style=\"font-weight: normal;\">Der Diabetes zwingt dich nicht nur bei deiner Ern\u00e4hrung aufzupassen, sondern schr\u00e4nkt dich auch im Alltag, in deiner Freizeit und auf der Arbeit ein? <\/span><\/li>\n<li style=\"text-align: left;\"><span style=\"font-weight: normal;\">Du kannst die sch\u00f6nen Dinge des Lebens nicht mehr genie\u00dfen, weil dir dein Zucker einen Strich durch die Rechnung macht? &nbsp;<\/span><\/li>\n<\/ul>\n<ul>\n<li style=\"\"><span style=\"\"><strong><span style=\"font-size: 19px;\">Ehrliche Einsch\u00e4tzung deines IST-Zustandes:<\/span><\/strong><strong> <\/strong>Ich hole dich dort ab, wo du gerade stehst und erarbeite mit dir gemeinsam ein realistisches, individuelles Konzept, welches dir zeigt, da\u00df gesundes, nahrhaftes Essen sowohl lecker, als auch schnell und einfach zuzubereiten ist und dich auch satt macht. Und wie du wieder mehr Freude an Bewegung hast. Das Ergebnis: langfristig Blutzuckerwerte im Normalbereich.<\/span><\/li>\n<li style=\"\"><span style=\"\"><strong><span style=\"font-size: 19px;\">Schritt f\u00fcr Schritt System<\/span><\/strong><strong>:<\/strong> Ich begleite dich auf deinem Weg. Nicht auch, sondern gerade wenn Dieser holprig wird oder du R\u00fcckschl\u00e4ge erleidest. Du wirst damit nicht allein gelassen. Genau in solchen Momenten ist es wichtig jemanden an deiner Seite zu haben, der dich ermutigt weiter dran zu bleiben. Weil es sich lohnt!<\/span><\/li>\n<li style=\"\"><span style=\"\"><strong><span style=\"font-size: 19px;\">Klares Ziel:<\/span> <\/strong>Wir arbeiten fokussiert aber in deinem Tempo daran, bis dein Ideal-Blutzuckerwert auf soliden F\u00fc\u00dfen steht. Mein Anliegen ist es Menschen mit Diabetes Typ 2 dabei zu unterst\u00fctzen sich ihre Lebensqualit\u00e4t und Lebensfreude wieder zur\u00fcck in ihr Leben zu holen.&nbsp;<\/span><\/li>\n<\/ul>\n<p>Auf Bewerbungen wird in der Regel innerhalb von 1-2 Werktagen geantwortet.Von der kalorienz\u00e4hlerin zur diabetes-expertin<span style=\"width: 100%;\"><img decoding=\"async\" alt=\"\" width=\"497\" height=\"587\" title=\"Susanne1\" data-id=\"40\" src=\"https:\/\/susannescheike.de\/wp-content\/uploads\/2022\/05\/Susanne1.jpg\" style=\"\" data-width=\"497\" data-height=\"587\" data-init-width=\"1320\" data-init-height=\"1560\" loading=\"lazy\" ml-d=\"0\" mt-d=\"0\" center-v-d=\"false\"><\/span>Susanne Scheike <em><span style=\"font-family: Vollkorn; font-weight: 400; font-size: 13px;\">Diabetes-Coach und Expertin f\u00fcr elementare Lebensmittel<\/span><\/em>Alles fing damit an als ich vor 20 Jahren einfach nur ein paar Kilos verlieren wollte, und dabei herausfand, da\u00df <strong>Kalorien z\u00e4hlen und Verzicht auf Kohlenhydrate ein Irrweg ist und die Ausbildung zur Di\u00e4tassistentin dabei keine gro\u00dfe Hilfe war<\/strong>. &nbsp;Ich k\u00e4mpfte mich also jahrelang durch den Di\u00e4ten-Dschungel, hangelte mich von einem Ern\u00e4hrungs-Modell zum n\u00e4chsten, vorbei an sich widersprechenden Experten-Meinungen, \u00fcberholtem Fachwissen, irritierenden Studien und immer noch vorherrschenden Ern\u00e4hrungs-Mythen um letztendlich zu einer v\u00f6llig einfachen Antwort zu gelangen. <strong>Die &#8222;richtige&#8220; Lebensweise.<\/strong><span style=\"font-family: Vollkorn; font-weight: 400;\">Diese Einsicht wurde durch folgende&nbsp;<\/span><span style=\"font-weight: 400;\"><span style=\"font-family: Vollkorn;\">Begebenheit best\u00e4tigt.<\/span><\/span><span style=\"font-weight: normal;\"><em>Ein Freund der Familie kam f\u00fcr 10 Tage auf den Hof um zu helfen. Das Gew\u00e4chshaus sollte gebaut und der Boden mu\u00dfte daf\u00fcr ausgehoben werden. Da er w\u00e4hrend dieser Zeit auch auf dem Hof wohnte, blieb ihm nichts anderes \u00fcbrig, als das zu essen, was es gab. Er mu\u00dfte dabei weder auf etwas &nbsp;verzichten noch sich einschr\u00e4nken, sondern a\u00df einfach nur die bessere Variante derselben Lebensmittel, die er bereits kannte und mochte.&nbsp;<\/em><\/span><span style=\"font-weight: normal;\"><em>Er wurde gefragt, ob ihm etwas fehle und das verneinte er.&nbsp;<\/em><\/span><span style=\"font-weight: normal;\"><em>Als die 10 Tage sich dem Ende n\u00e4herten, sagte er sichtlich erstaunt:\u201c&#8230;meine Werte sind um die H\u00e4lfte gesunken&#8230;\u201c.&nbsp;<\/em><\/span><span style=\"font-weight: normal;\"><em>\u200b<\/em><\/span><span style=\"font-weight: normal;\"><em>Er ist Typ 2 Diabetiker.<\/em><\/span><span><strong><span style=\"font-family: Vollkorn;\">Und obwohl es logisch f\u00fcr mich war, hat es mich dennoch \u00fcberrascht, wie schnell so etwas gehen kann.<\/span><\/strong><\/span><span><span style=\"font-family: Vollkorn;\">&nbsp;Zumal der Herr nicht mehr der Allerj\u00fcngste ist und auch nicht topfit.<\/span><\/span><span style=\"font-weight: normal;\"> <\/span><strong><strong>Damit war klar, welche Aufgabe jetzt auf mich wartet, n\u00e4mlich&nbsp;<\/strong><\/strong><strong><strong><em>d<\/em><em>ie<\/em> Menschen dabei zu unterst\u00fctzen, die dauerhaft dasselbe erreichen wollen.<\/strong><\/strong>Willst du dein Blutzucker-Problem ein f\u00fcr allemal L\u00f6sen?      1. Bewerbungs-Formular ausf\u00fcllen.Beantworte bitte ein paar Fragen. G\u00f6nn dir f\u00fcr das Ausf\u00fcllen ca. 5 ruhige Minuten. Du erh\u00e4ltst die Chance auf ein unverbindliches 10 min\u00fctiges Erstgespr\u00e4ch.<span data-id=\"undefined\" data-name=\"phone\" style=\"\"><\/span><\/p>\n<p style=\"text-align: center;\">2. <span style=\"font-weight: normal;\">Ich werde dich anrufen.<\/span><\/p>\n<p style=\"text-align: center;\">Ich melde mich innerhalb von <\/p>\n<p style=\"text-align: center;\">48 Stunden bei dir.&nbsp;<\/p>\n<p style=\"text-align: center;\">Ich m\u00f6chten dich gerne genauer kennenlernen und herausfinden, ob das Diabetes-Coaching und die verwendete Strategie das Richtige f\u00fcr dich ist.<\/p>\n<p>      3. <span style=\"font-weight: normal;\">Wenn alles pa\u00dft&#8230;<\/span>&#8230;vereinbaren wir einen Termin f\u00fcr ein 60 min\u00fctiges 1:1 Coaching-Gespr\u00e4ch, wo du konkrete Tipps an die Hand bekommst, wie du deinen Blutzucker dauerhaft in den Griff bekommst. &nbsp;Susanne ScheikeBewirb dich jetzt auf ein kostenloses Erstgespr\u00e4ch!<strong>Bitte beachte:<\/strong><span style=\"font-weight: normal;\">Deine Bewerbung ist erforderlich, weil ich nur Menschen helfen kann und will, die bereit sind grundlegend in ihrem Leben etwas zu ver\u00e4ndern und sich nicht mehr mit ihrem Zustand zufrieden geben wollen, also eine klare Entscheidung getroffen haben.<\/span><span style=\"font-weight: normal;\">In einem kostenfreien Erstgespr\u00e4ch finden wir heraus, welche Strategien sich f\u00fcr dich pers\u00f6nlich am besten eignen und welche Hebel wir in Bewegung setzen m\u00fcssen, um bei dir f\u00fcr den langanhaltenden Erfolg zu sorgen.<\/span><strong>Klicke hier unten auf den Button, um zur Bewerbung zu gelangen:<\/strong><span style=\"\"><a href=\"https:\/\/susannescheike.de\/?page_id=100\" style=\"outline: none;\" data-tcb_hover_state_parent=\"\" target=\"_blank\" rel=\"noopener\"><span style=\"font-weight: normal;\">Impressum<\/span><\/a><\/span><span style=\"font-weight: normal;\">&nbsp;| <\/span><a href=\"https:\/\/susannescheike.de\/?page_id=110\" target=\"_blank\" style=\"outline: none;\" data-tcb_hover_state_parent=\"\" rel=\"noopener\">Datenschutz<\/a><span style=\"font-weight: normal;\">\u200b<\/span><a href=\"\/haftungsausschluss\" target=\"_blank\" style=\"outline: none;\" data-tcb_hover_state_parent=\"\" rel=\"noopener\"><\/a><span style=\"font-weight: normal;\"><\/span><a href=\"\/agb\" target=\"_blank\" style=\"outline: none;\" data-tcb_hover_state_parent=\"\" rel=\"noopener\"><span style=\"font-weight: normal;\"><\/span><\/a><span style=\"font-weight: normal;\">This site is not a part of the Facebook website or Facebook Inc. Additionally, This site is NOT endorsed by Facebook in any way. FACEBOOK is a trademark of FACEBOOK, Inc.<\/span><\/p>\n","protected":false},"excerpt":{"rendered":"<p>Susanne Scheike Ich Zeige dir, wie du deinen Blutzucker in den Griff bekommst und ganz nat\u00fcrlich abnimmst ohne dich beim Essen einschr\u00e4nken zu m\u00fcssen. Du hast schon vieles, wenn nicht sogar alles versucht um deine Blutzuckerwerte in den Normbereich zu bekommen aber nichts hilft? Du bewegst dich genug oder machst sogar Sport, aber weder dein [&hellip;]<\/p>\n","protected":false},"author":1,"featured_media":0,"parent":0,"menu_order":0,"comment_status":"closed","ping_status":"closed","template":"","meta":{"footnotes":""},"class_list":["post-8","page","type-page","status-publish","hentry"],"_links":{"self":[{"href":"https:\/\/susannescheike.de\/index.php?rest_route=\/wp\/v2\/pages\/8","targetHints":{"allow":["GET"]}}],"collection":[{"href":"https:\/\/susannescheike.de\/index.php?rest_route=\/wp\/v2\/pages"}],"about":[{"href":"https:\/\/susannescheike.de\/index.php?rest_route=\/wp\/v2\/types\/page"}],"author":[{"embeddable":true,"href":"https:\/\/susannescheike.de\/index.php?rest_route=\/wp\/v2\/users\/1"}],"replies":[{"embeddable":true,"href":"https:\/\/susannescheike.de\/index.php?rest_route=%2Fwp%2Fv2%2Fcomments&post=8"}],"version-history":[{"count":62,"href":"https:\/\/susannescheike.de\/index.php?rest_route=\/wp\/v2\/pages\/8\/revisions"}],"predecessor-version":[{"id":154,"href":"https:\/\/susannescheike.de\/index.php?rest_route=\/wp\/v2\/pages\/8\/revisions\/154"}],"wp:attachment":[{"href":"https:\/\/susannescheike.de\/index.php?rest_route=%2Fwp%2Fv2%2Fmedia&parent=8"}],"curies":[{"name":"wp","href":"https:\/\/api.w.org\/{rel}","templated":true}]}}